{"id":83,"date":"2024-01-04T11:39:25","date_gmt":"2024-01-04T10:39:25","guid":{"rendered":"https:\/\/carpinterianavalyaislamientosnavattec.com\/?page_id=83"},"modified":"2024-03-11T20:07:17","modified_gmt":"2024-03-11T19:07:17","slug":"inicio","status":"publish","type":"page","link":"https:\/\/carpinterianavalyaislamientosnavattec.com\/","title":{"rendered":""},"content":{"rendered":"\n<div class=\"wp-block-columns alignwide is-layout-flex wp-container-core-columns-is-layout-829b1d53 wp-block-columns-is-layout-flex\" style=\"margin-bottom:0\">\n<div class=\"wp-block-column has-text-color has-background has-link-color has-normal-font-size wp-elements-25094b51ccd5a36b956fa730a5620d5c is-layout-flow wp-block-column-is-layout-flow\" style=\"color:#000000;background-color:#d4d4dc;padding-top:2em;padding-right:2em;padding-bottom:2em;padding-left:2em\">\n<h2 class=\"wp-block-heading has-text-align-center\" id=\"family\" style=\"font-size:40px\">Industrial<\/h2>\n\n\n\n<p class=\"has-normal-font-size\" style=\"line-height:1.5\"><strong>Soluciones avanzadas en aislamientos t\u00e9rmicos y ac\u00fasticos, dise\u00f1adas para optimizar la eficiencia y seguridad de tus operaciones.<\/strong><\/p>\n\n\n\n<hr class=\"wp-block-separator has-text-color has-css-opacity has-background is-style-wide\" style=\"background-color:#000000;color:#000000\"\/>\n\n\n\n<figure class=\"wp-block-image aligncenter size-full is-resized\" style=\"max-width: 350px; max-height: 350px;\">\n    <img decoding=\"async\" src=\"https:\/\/carpinterianavalyaislamientosnavattec.com\/wp-content\/uploads\/2024\/01\/industrial.jpeg\" alt=\"\" class=\"wp-image-99\" style=\"width: 100%; height: 100%; object-fit: cover;\">\n<\/figure>\n\n\n\n<div class=\"wp-block-buttons is-content-justification-center is-layout-flex wp-container-core-buttons-is-layout-16018d1d wp-block-buttons-is-layout-flex\">\n<div class=\"wp-block-button is-style-outline is-style-outline--1\"><a class=\"wp-block-button__link has-white-color has-black-background-color has-text-color has-background has-link-color wp-element-button\" href=\"https:\/\/carpinterianavalyaislamientosnavattec.com\/index.php\/industrial\/\" style=\"border-radius:10px\">M\u00e1s<\/a><\/div>\n<\/div>\n<\/div>\n\n\n\n<div class=\"wp-block-column has-text-color has-background has-link-color has-normal-font-size wp-elements-fdf4d2ce601f5c509208bfcb328f6ed4 is-layout-flow wp-block-column-is-layout-flow\" style=\"color:#000000;background-color:#d4d4dc;padding-top:2em;padding-right:2em;padding-bottom:2em;padding-left:2em\">\n<h2 class=\"wp-block-heading has-text-align-center\" id=\"single\" style=\"font-size:40px\">Naval<\/h2>\n\n\n\n<p class=\"has-normal-font-size\" style=\"line-height:1.5\"><strong>Aislamientos Navales de alta calidad para garantizar la seguridad y eficiencia en entornos mar\u00edtimos.<\/strong><\/p>\n\n\n\n<hr class=\"wp-block-separator has-text-color has-css-opacity has-background is-style-wide\" style=\"background-color:#000000;color:#000000\"\/>\n\n\n\n<figure class=\"wp-block-image aligncenter size-full is-resized\" style=\"max-width: 350px; max-height: 350px;\">\n    <img decoding=\"async\" src=\"https:\/\/carpinterianavalyaislamientosnavattec.com\/wp-content\/uploads\/2024\/01\/barco.jpg\" alt=\"\" class=\"wp-image-99\" style=\"width: 100%; height: 100%; object-fit: cover;\">\n<\/figure>\n\n\n\n<div class=\"wp-block-buttons is-content-justification-center is-layout-flex wp-container-core-buttons-is-layout-16018d1d wp-block-buttons-is-layout-flex\">\n<div class=\"wp-block-button is-style-outline is-style-outline--2\"><a class=\"wp-block-button__link has-white-color has-black-background-color has-text-color has-background has-link-color wp-element-button\" href=\"https:\/\/carpinterianavalyaislamientosnavattec.com\/index.php\/naval\/\" style=\"border-radius:10px\">M\u00e1s<\/a><\/div>\n<\/div>\n<\/div>\n\n\n\n<div class=\"wp-block-column has-text-color has-background has-link-color has-normal-font-size wp-elements-2d3a1cc2c746d369119b5c5adef8a169 is-layout-flow wp-block-column-is-layout-flow\" style=\"color:#000000;background-color:#d4d4dc;padding-top:2em;padding-right:2em;padding-bottom:2em;padding-left:2em\">\n<h2 class=\"wp-block-heading has-text-align-center\" id=\"patron\" style=\"font-size:40px\">Empresa<\/h2>\n\n\n\n<p class=\"has-normal-font-size\"><strong>En Navattec, nos comprometemos a ofrecer soluciones de alta calidad, respaldadas por nuestra dedicaci\u00f3n a la excelencia y la satisfacci\u00f3n del cliente.<\/strong><\/p>\n\n\n\n<hr class=\"wp-block-separator has-text-color has-css-opacity has-background is-style-wide\" style=\"background-color:#000000;color:#000000\"\/>\n\n\n\n<figure class=\"wp-block-image aligncenter size-full is-resized\" style=\"max-width: 350px; max-height: 350px;\">\n    <img loading=\"lazy\" decoding=\"async\" width=\"312\" height=\"312\" src=\"https:\/\/carpinterianavalyaislamientosnavattec.com\/wp-content\/uploads\/2024\/01\/empresa-edited.jpg\" alt=\"\" class=\"wp-image-99\" style=\"width: 100%; height: 100%; object-fit: cover;\" srcset=\"https:\/\/carpinterianavalyaislamientosnavattec.com\/wp-content\/uploads\/2024\/01\/empresa-edited.jpg 312w, https:\/\/carpinterianavalyaislamientosnavattec.com\/wp-content\/uploads\/2024\/01\/empresa-edited-300x300.jpg 300w, https:\/\/carpinterianavalyaislamientosnavattec.com\/wp-content\/uploads\/2024\/01\/empresa-edited-150x150.jpg 150w\" sizes=\"auto, (max-width: 312px) 100vw, 312px\" \/>\n<\/figure>\n\n\n\n<div class=\"wp-block-buttons is-content-justification-center is-layout-flex wp-container-core-buttons-is-layout-16018d1d wp-block-buttons-is-layout-flex\">\n<div class=\"wp-block-button is-style-outline is-style-outline--3\"><a class=\"wp-block-button__link has-white-color has-black-background-color has-text-color has-background has-link-color wp-element-button\" href=\"https:\/\/carpinterianavalyaislamientosnavattec.com\/index.php\/empresa-3\/\" style=\"border-radius:10px\">M\u00e1s<\/a><\/div>\n<\/div>\n<\/div>\n<\/div>\n","protected":false},"excerpt":{"rendered":"<p>Industrial Soluciones avanzadas en aislamientos t\u00e9rmicos y ac\u00fasticos, dise\u00f1adas para optimizar la eficiencia y seguridad de tus operaciones. Naval Aislamientos Navales de [&hellip;]<\/p>\n","protected":false},"author":1,"featured_media":0,"parent":0,"menu_order":0,"comment_status":"closed","ping_status":"closed","template":"","meta":{"footnotes":""},"class_list":{"0":"post-83","1":"page","2":"type-page","3":"status-publish","5":"col-md-12"},"_links":{"self":[{"href":"https:\/\/carpinterianavalyaislamientosnavattec.com\/index.php\/wp-json\/wp\/v2\/pages\/83","targetHints":{"allow":["GET"]}}],"collection":[{"href":"https:\/\/carpinterianavalyaislamientosnavattec.com\/index.php\/wp-json\/wp\/v2\/pages"}],"about":[{"href":"https:\/\/carpinterianavalyaislamientosnavattec.com\/index.php\/wp-json\/wp\/v2\/types\/page"}],"author":[{"embeddable":true,"href":"https:\/\/carpinterianavalyaislamientosnavattec.com\/index.php\/wp-json\/wp\/v2\/users\/1"}],"replies":[{"embeddable":true,"href":"https:\/\/carpinterianavalyaislamientosnavattec.com\/index.php\/wp-json\/wp\/v2\/comments?post=83"}],"version-history":[{"count":22,"href":"https:\/\/carpinterianavalyaislamientosnavattec.com\/index.php\/wp-json\/wp\/v2\/pages\/83\/revisions"}],"predecessor-version":[{"id":268,"href":"https:\/\/carpinterianavalyaislamientosnavattec.com\/index.php\/wp-json\/wp\/v2\/pages\/83\/revisions\/268"}],"wp:attachment":[{"href":"https:\/\/carpinterianavalyaislamientosnavattec.com\/index.php\/wp-json\/wp\/v2\/media?parent=83"}],"curies":[{"name":"wp","href":"https:\/\/api.w.org\/{rel}","templated":true}]}}