{"id":13,"date":"2024-01-04T09:36:08","date_gmt":"2024-01-04T08:36:08","guid":{"rendered":"https:\/\/carpinterianavalyaislamientosnavattec.com\/?page_id=13"},"modified":"2024-01-09T12:41:22","modified_gmt":"2024-01-09T11:41:22","slug":"naval","status":"publish","type":"page","link":"https:\/\/carpinterianavalyaislamientosnavattec.com\/index.php\/naval\/","title":{"rendered":"Aislamiento Naval"},"content":{"rendered":"\n<hr class=\"wp-block-separator has-alpha-channel-opacity\"\/>\n\n\n\n<div class=\"wp-block-cover alignwide is-light has-normal-font-size\" style=\"padding-top:4vw;padding-right:4vw;padding-bottom:4vw;padding-left:4vw;min-height:500px;aspect-ratio:unset;\"><span aria-hidden=\"true\" class=\"wp-block-cover__background has-black-background-color has-background-dim-40 has-background-dim\"><\/span><div class=\"wp-block-cover__inner-container is-layout-flow wp-block-cover-is-layout-flow\">\n<div class=\"wp-block-columns is-layout-flex wp-container-core-columns-is-layout-9d6595d7 wp-block-columns-is-layout-flex\">\n<div class=\"wp-block-column is-layout-flow wp-block-column-is-layout-flow\">\n<figure class=\"wp-block-image size-large is-resized\"><img loading=\"lazy\" decoding=\"async\" width=\"1024\" height=\"560\" src=\"https:\/\/carpinterianavalyaislamientosnavattec.com\/wp-content\/uploads\/2024\/01\/NAval-1024x560.jpg\" alt=\"\" class=\"wp-image-274\" style=\"aspect-ratio:4\/3;object-fit:cover;width:400px;height:auto\" srcset=\"https:\/\/carpinterianavalyaislamientosnavattec.com\/wp-content\/uploads\/2024\/01\/NAval-1024x560.jpg 1024w, https:\/\/carpinterianavalyaislamientosnavattec.com\/wp-content\/uploads\/2024\/01\/NAval-300x164.jpg 300w, https:\/\/carpinterianavalyaislamientosnavattec.com\/wp-content\/uploads\/2024\/01\/NAval-768x420.jpg 768w, https:\/\/carpinterianavalyaislamientosnavattec.com\/wp-content\/uploads\/2024\/01\/NAval-900x492.jpg 900w, https:\/\/carpinterianavalyaislamientosnavattec.com\/wp-content\/uploads\/2024\/01\/NAval-500x274.jpg 500w, https:\/\/carpinterianavalyaislamientosnavattec.com\/wp-content\/uploads\/2024\/01\/NAval.jpg 1272w\" sizes=\"auto, (max-width: 1024px) 100vw, 1024px\" \/><\/figure>\n<\/div>\n\n\n\n<div class=\"wp-block-column is-layout-flow wp-block-column-is-layout-flow\">\n<figure class=\"wp-block-image size-large is-resized\"><img loading=\"lazy\" decoding=\"async\" width=\"1024\" height=\"623\" src=\"https:\/\/carpinterianavalyaislamientosnavattec.com\/wp-content\/uploads\/2024\/01\/cropped-slider2-1-1024x623.png\" alt=\"\" class=\"wp-image-54\" style=\"aspect-ratio:1.3333333333333333;object-fit:cover;width:400px;height:auto\" srcset=\"https:\/\/carpinterianavalyaislamientosnavattec.com\/wp-content\/uploads\/2024\/01\/cropped-slider2-1-1024x623.png 1024w, https:\/\/carpinterianavalyaislamientosnavattec.com\/wp-content\/uploads\/2024\/01\/cropped-slider2-1-300x183.png 300w, https:\/\/carpinterianavalyaislamientosnavattec.com\/wp-content\/uploads\/2024\/01\/cropped-slider2-1-768x467.png 768w, https:\/\/carpinterianavalyaislamientosnavattec.com\/wp-content\/uploads\/2024\/01\/cropped-slider2-1-1536x934.png 1536w, https:\/\/carpinterianavalyaislamientosnavattec.com\/wp-content\/uploads\/2024\/01\/cropped-slider2-1-900x548.png 900w, https:\/\/carpinterianavalyaislamientosnavattec.com\/wp-content\/uploads\/2024\/01\/cropped-slider2-1-500x304.png 500w, https:\/\/carpinterianavalyaislamientosnavattec.com\/wp-content\/uploads\/2024\/01\/cropped-slider2-1.png 1920w\" sizes=\"auto, (max-width: 1024px) 100vw, 1024px\" \/><\/figure>\n<\/div>\n\n\n\n<div class=\"wp-block-column is-layout-flow wp-block-column-is-layout-flow\">\n<figure class=\"wp-block-image size-large is-resized is-style-default\"><img loading=\"lazy\" decoding=\"async\" width=\"1024\" height=\"529\" src=\"https:\/\/carpinterianavalyaislamientosnavattec.com\/wp-content\/uploads\/2024\/01\/NAval3-1024x529.jpg\" alt=\"\" class=\"wp-image-273\" style=\"aspect-ratio:1.3333333333333333;object-fit:cover;width:400px;height:auto\" srcset=\"https:\/\/carpinterianavalyaislamientosnavattec.com\/wp-content\/uploads\/2024\/01\/NAval3-1024x529.jpg 1024w, https:\/\/carpinterianavalyaislamientosnavattec.com\/wp-content\/uploads\/2024\/01\/NAval3-300x155.jpg 300w, https:\/\/carpinterianavalyaislamientosnavattec.com\/wp-content\/uploads\/2024\/01\/NAval3-768x397.jpg 768w, https:\/\/carpinterianavalyaislamientosnavattec.com\/wp-content\/uploads\/2024\/01\/NAval3-900x465.jpg 900w, https:\/\/carpinterianavalyaislamientosnavattec.com\/wp-content\/uploads\/2024\/01\/NAval3-500x258.jpg 500w, https:\/\/carpinterianavalyaislamientosnavattec.com\/wp-content\/uploads\/2024\/01\/NAval3.jpg 1219w\" sizes=\"auto, (max-width: 1024px) 100vw, 1024px\" \/><\/figure>\n<\/div>\n<\/div>\n<\/div><\/div>\n\n\n\n<p><strong>Disponemos de multitud de servicios totalmente adaptables a tus necesidades:<\/strong><\/p>\n\n\n\n<ul class=\"wp-block-list\">\n<li style=\"list-style:none\">T\u00faneles de congelaci\u00f3n.<\/li>\n\n\n\n<li style=\"list-style:none\">Construcci\u00f3n y aislamiento de bodegas frigor\u00edficas.<\/li>\n\n\n\n<li style=\"list-style:none\">Gambuzas.<\/li>\n\n\n\n<li style=\"list-style:none\">Habilitaci\u00f3n llave en mano.<\/li>\n\n\n\n<li style=\"list-style:none\">Parques de Pesca.<\/li>\n\n\n\n<li style=\"list-style:none\">Aislamientos tuber\u00eda&nbsp;frigor\u00edfica.<\/li>\n\n\n\n<li style=\"list-style:none\">Calorifugado escapes.<\/li>\n\n\n\n<li style=\"list-style:none\">Cubiertas de elondo.<\/li>\n\n\n\n<li style=\"list-style:none\">Calafateo de cubiertas.<\/li>\n\n\n\n<li style=\"list-style:none\">Sobrecubiertas de pl\u00e1stico reciclado.<\/li>\n\n\n\n<li style=\"list-style:none\">Aislamiento de tapas de escotilla.<\/li>\n\n\n\n<li style=\"list-style:none\">Construcci\u00f3n de brazolas y zapones.<\/li>\n\n\n\n<li style=\"list-style:none\">Construcci\u00f3n de puertas para t\u00faneles de congelaci\u00f3n forradas en acero inoxidable.<\/li>\n\n\n\n<li style=\"list-style:none\">Pavimentos de cocinas y ba\u00f1os en resina de alta resistencia.<\/li>\n\n\n\n<li style=\"list-style:none\">Pavimentos en goma abotonada antiaceite.<\/li>\n\n\n\n<li style=\"list-style:none\">Inyecci\u00f3n y proyecci\u00f3n de espuma de poliuretano de alta densidad.<\/li>\n<\/ul>\n","protected":false},"excerpt":{"rendered":"<p>Disponemos de multitud de servicios totalmente adaptables a tus necesidades:<\/p>\n","protected":false},"author":1,"featured_media":0,"parent":0,"menu_order":0,"comment_status":"closed","ping_status":"closed","template":"","meta":{"footnotes":""},"class_list":{"0":"post-13","1":"page","2":"type-page","3":"status-publish","5":"col-md-12"},"_links":{"self":[{"href":"https:\/\/carpinterianavalyaislamientosnavattec.com\/index.php\/wp-json\/wp\/v2\/pages\/13","targetHints":{"allow":["GET"]}}],"collection":[{"href":"https:\/\/carpinterianavalyaislamientosnavattec.com\/index.php\/wp-json\/wp\/v2\/pages"}],"about":[{"href":"https:\/\/carpinterianavalyaislamientosnavattec.com\/index.php\/wp-json\/wp\/v2\/types\/page"}],"author":[{"embeddable":true,"href":"https:\/\/carpinterianavalyaislamientosnavattec.com\/index.php\/wp-json\/wp\/v2\/users\/1"}],"replies":[{"embeddable":true,"href":"https:\/\/carpinterianavalyaislamientosnavattec.com\/index.php\/wp-json\/wp\/v2\/comments?post=13"}],"version-history":[{"count":35,"href":"https:\/\/carpinterianavalyaislamientosnavattec.com\/index.php\/wp-json\/wp\/v2\/pages\/13\/revisions"}],"predecessor-version":[{"id":289,"href":"https:\/\/carpinterianavalyaislamientosnavattec.com\/index.php\/wp-json\/wp\/v2\/pages\/13\/revisions\/289"}],"wp:attachment":[{"href":"https:\/\/carpinterianavalyaislamientosnavattec.com\/index.php\/wp-json\/wp\/v2\/media?parent=13"}],"curies":[{"name":"wp","href":"https:\/\/api.w.org\/{rel}","templated":true}]}}