{"id":11,"date":"2024-01-04T09:35:32","date_gmt":"2024-01-04T08:35:32","guid":{"rendered":"https:\/\/carpinterianavalyaislamientosnavattec.com\/?page_id=11"},"modified":"2024-01-04T14:32:13","modified_gmt":"2024-01-04T13:32:13","slug":"catalogos","status":"publish","type":"page","link":"https:\/\/carpinterianavalyaislamientosnavattec.com\/index.php\/catalogos\/","title":{"rendered":"Cat\u00e1logo"},"content":{"rendered":"\n<strong><p style=\"text-align:center;font-size:18px\">Bienvenido a nuestro cat\u00e1logo. Descubre nuestra amplia gama de productos y servicios.<\/p><\/strong>\n\n\n\n\n<style>\n    #catalog-container {\n        max-width: 600px;\n        margin: 60px auto;\n        background-color: #fff;\n        border-radius: 8px;\n        box-shadow: 0 0 10px rgba(0, 0, 0, 0.1);\n        padding: 20px;\n        text-align: center;\n    }\n\n    #catalog-link {\n        display: inline-block;\n        background-color: #007bff;\n        color: #fff;\n        text-decoration: none;\n        padding: 10px 20px;\n        font-size: 18px;\n        border-radius: 5px;\n        transition: background-color 0.3s ease;\n    }\n\n    #catalog-link:hover {\n        background-color: #0056b3;\n    }\n<\/style>\n\n<div id=\"catalog-container\">\n    <p>A continuaci\u00f3n, puedes ver nuestro cat\u00e1logo:<\/p>\n\n    <a id=\"catalog-link\" href=\"https:\/\/carpinterianavalyaislamientosnavattec.com\/wp-content\/uploads\/2024\/01\/Folleto_Navattec.pdf\" target=\"_blank\" rel=\"noopener\">Ver Cat\u00e1logo<\/a>\n<\/div>\n\n\n\n\n<p style=\"margin-bottom:50px;text-align:center\">Para consultas adicionales, cont\u00e1ctenos en <a href=\"mailto:info@carpinterianavalyaislamientosnavattec.com\">info@carpinterianavalyaislamientosnavattec.com<\/a><\/p>\n\n","protected":false},"excerpt":{"rendered":"<p>Bienvenido a nuestro cat\u00e1logo. Descubre nuestra amplia gama de productos y servicios. A continuaci\u00f3n, puedes ver nuestro cat\u00e1logo: Ver Cat\u00e1logo Para consultas [&hellip;]<\/p>\n","protected":false},"author":1,"featured_media":0,"parent":0,"menu_order":0,"comment_status":"closed","ping_status":"closed","template":"","meta":{"footnotes":""},"class_list":{"0":"post-11","1":"page","2":"type-page","3":"status-publish","5":"col-md-12"},"_links":{"self":[{"href":"https:\/\/carpinterianavalyaislamientosnavattec.com\/index.php\/wp-json\/wp\/v2\/pages\/11","targetHints":{"allow":["GET"]}}],"collection":[{"href":"https:\/\/carpinterianavalyaislamientosnavattec.com\/index.php\/wp-json\/wp\/v2\/pages"}],"about":[{"href":"https:\/\/carpinterianavalyaislamientosnavattec.com\/index.php\/wp-json\/wp\/v2\/types\/page"}],"author":[{"embeddable":true,"href":"https:\/\/carpinterianavalyaislamientosnavattec.com\/index.php\/wp-json\/wp\/v2\/users\/1"}],"replies":[{"embeddable":true,"href":"https:\/\/carpinterianavalyaislamientosnavattec.com\/index.php\/wp-json\/wp\/v2\/comments?post=11"}],"version-history":[{"count":16,"href":"https:\/\/carpinterianavalyaislamientosnavattec.com\/index.php\/wp-json\/wp\/v2\/pages\/11\/revisions"}],"predecessor-version":[{"id":266,"href":"https:\/\/carpinterianavalyaislamientosnavattec.com\/index.php\/wp-json\/wp\/v2\/pages\/11\/revisions\/266"}],"wp:attachment":[{"href":"https:\/\/carpinterianavalyaislamientosnavattec.com\/index.php\/wp-json\/wp\/v2\/media?parent=11"}],"curies":[{"name":"wp","href":"https:\/\/api.w.org\/{rel}","templated":true}]}}